{"id":81,"date":"2015-08-11T12:45:39","date_gmt":"2015-08-11T12:45:39","guid":{"rendered":"http:\/\/neu.motelbrueggli.ch\/wordpress\/?page_id=81&#038;lang=en"},"modified":"2015-10-20T07:33:04","modified_gmt":"2015-10-20T07:33:04","slug":"location","status":"publish","type":"page","link":"https:\/\/www.motelbrueggli.ch\/en\/infos\/location\/","title":{"rendered":"Location"},"content":{"rendered":"<p><img decoding=\"async\" class=\"alignnone size-full wp-image-311\" src=\"https:\/\/www.motelbrueggli.ch\/wp-content\/uploads\/2015\/08\/motelBruegglIPanorama.jpg\" alt=\"Panorama Motel Br\u00fcggli\" width=\"100%\" height=\"100%\" srcset=\"https:\/\/www.motelbrueggli.ch\/wp-content\/uploads\/2015\/08\/motelBruegglIPanorama.jpg 2500w, https:\/\/www.motelbrueggli.ch\/wp-content\/uploads\/2015\/08\/motelBruegglIPanorama-300x77.jpg 300w, https:\/\/www.motelbrueggli.ch\/wp-content\/uploads\/2015\/08\/motelBruegglIPanorama-1024x263.jpg 1024w\" sizes=\"(max-width: 2500px) 100vw, 2500px\" \/><\/p>\n<p>The Motel Br\u00fcggli is located on the main route between Hochdorf and Lucerne. Around the corner is the Waldibr\u00fccke station, where you can get on the S-Bahn (suburban railway) and travel to Lucerne in just a few minutes. The motel is in a rural setting, with a woodland nearby where you can go for a walk or just spend some time and relax. From the motel, you can enjoy a breathtaking panorama of the local mountains, Rigi and Pilatus.<\/p>\n<p>You can find timetable information for the S-Bahn <a href=\"http:\/\/www.sbb.ch\">here<\/a> or at reception.<\/p>\n","protected":false},"excerpt":{"rendered":"<p>The Motel Br\u00fcggli is located on the main route between Hochdorf and Lucerne. Around the corner is the Waldibr\u00fccke station, where you can get on the S-Bahn (suburban railway) and travel to Lucerne in just a few minutes. The motel is in a rural setting, with a woodland nearby where you can go for a walk or just spend some time and relax. From the motel, you can enjoy a breathtaking panorama of the local mountains, Rigi and Pilatus. You can find timetable information for the S-Bahn here or at reception.<\/p>\n","protected":false},"author":4,"featured_media":0,"parent":75,"menu_order":0,"comment_status":"closed","ping_status":"closed","template":"","meta":{"iawp_total_views":235,"footnotes":""},"class_list":["post-81","page","type-page","status-publish","hentry"],"yoast_head":"<!-- This site is optimized with the Yoast SEO plugin v25.2 - https:\/\/yoast.com\/wordpress\/plugins\/seo\/ -->\n<title>Location - Motel Br\u00fcggli<\/title>\n<meta name=\"robots\" content=\"index, follow, max-snippet:-1, max-image-preview:large, max-video-preview:-1\" \/>\n<link rel=\"canonical\" href=\"https:\/\/www.motelbrueggli.ch\/en\/infos\/location\/\" \/>\n<meta property=\"og:locale\" content=\"en_US\" \/>\n<meta property=\"og:type\" content=\"article\" \/>\n<meta property=\"og:title\" content=\"Location - Motel Br\u00fcggli\" \/>\n<meta property=\"og:description\" content=\"The Motel Br\u00fcggli is located on the main route between Hochdorf and Lucerne. Around the corner is the Waldibr\u00fccke station, where you can get on the S-Bahn (suburban railway) and travel to Lucerne in just a few minutes. The motel is in a rural setting, with a woodland nearby where you can go for a walk or just spend some time and relax. From the motel, you can enjoy a breathtaking panorama of the local mountains, Rigi and Pilatus. You can find timetable information for the S-Bahn here or at reception.\" \/>\n<meta property=\"og:url\" content=\"https:\/\/www.motelbrueggli.ch\/en\/infos\/location\/\" \/>\n<meta property=\"og:site_name\" content=\"Motel Br\u00fcggli\" \/>\n<meta property=\"article:modified_time\" content=\"2015-10-20T07:33:04+00:00\" \/>\n<meta property=\"og:image\" content=\"https:\/\/www.motelbrueggli.ch\/wp-content\/uploads\/2015\/08\/motelBruegglIPanorama.jpg\" \/>\n<meta name=\"twitter:card\" content=\"summary_large_image\" \/>\n<script type=\"application\/ld+json\" class=\"yoast-schema-graph\">{\"@context\":\"https:\/\/schema.org\",\"@graph\":[{\"@type\":\"WebPage\",\"@id\":\"https:\/\/www.motelbrueggli.ch\/en\/infos\/location\/\",\"url\":\"https:\/\/www.motelbrueggli.ch\/en\/infos\/location\/\",\"name\":\"Location - Motel Br\u00fcggli\",\"isPartOf\":{\"@id\":\"https:\/\/www.motelbrueggli.ch\/#website\"},\"primaryImageOfPage\":{\"@id\":\"https:\/\/www.motelbrueggli.ch\/en\/infos\/location\/#primaryimage\"},\"image\":{\"@id\":\"https:\/\/www.motelbrueggli.ch\/en\/infos\/location\/#primaryimage\"},\"thumbnailUrl\":\"https:\/\/www.motelbrueggli.ch\/wp-content\/uploads\/2015\/08\/motelBruegglIPanorama.jpg\",\"datePublished\":\"2015-08-11T12:45:39+00:00\",\"dateModified\":\"2015-10-20T07:33:04+00:00\",\"breadcrumb\":{\"@id\":\"https:\/\/www.motelbrueggli.ch\/en\/infos\/location\/#breadcrumb\"},\"inLanguage\":\"en-US\",\"potentialAction\":[{\"@type\":\"ReadAction\",\"target\":[\"https:\/\/www.motelbrueggli.ch\/en\/infos\/location\/\"]}]},{\"@type\":\"ImageObject\",\"inLanguage\":\"en-US\",\"@id\":\"https:\/\/www.motelbrueggli.ch\/en\/infos\/location\/#primaryimage\",\"url\":\"https:\/\/www.motelbrueggli.ch\/wp-content\/uploads\/2015\/08\/motelBruegglIPanorama.jpg\",\"contentUrl\":\"https:\/\/www.motelbrueggli.ch\/wp-content\/uploads\/2015\/08\/motelBruegglIPanorama.jpg\"},{\"@type\":\"BreadcrumbList\",\"@id\":\"https:\/\/www.motelbrueggli.ch\/en\/infos\/location\/#breadcrumb\",\"itemListElement\":[{\"@type\":\"ListItem\",\"position\":1,\"name\":\"Startseite\",\"item\":\"https:\/\/www.motelbrueggli.ch\/en\/\"},{\"@type\":\"ListItem\",\"position\":2,\"name\":\"Infos\",\"item\":\"https:\/\/www.motelbrueggli.ch\/en\/infos\/\"},{\"@type\":\"ListItem\",\"position\":3,\"name\":\"Location\"}]},{\"@type\":\"WebSite\",\"@id\":\"https:\/\/www.motelbrueggli.ch\/#website\",\"url\":\"https:\/\/www.motelbrueggli.ch\/\",\"name\":\"Motel & Aparthotel Br\u00fcggli\",\"description\":\"\",\"potentialAction\":[{\"@type\":\"SearchAction\",\"target\":{\"@type\":\"EntryPoint\",\"urlTemplate\":\"https:\/\/www.motelbrueggli.ch\/?s={search_term_string}\"},\"query-input\":{\"@type\":\"PropertyValueSpecification\",\"valueRequired\":true,\"valueName\":\"search_term_string\"}}],\"inLanguage\":\"en-US\"}]}<\/script>\n<!-- \/ Yoast SEO plugin. -->","yoast_head_json":{"title":"Location - Motel Br\u00fcggli","robots":{"index":"index","follow":"follow","max-snippet":"max-snippet:-1","max-image-preview":"max-image-preview:large","max-video-preview":"max-video-preview:-1"},"canonical":"https:\/\/www.motelbrueggli.ch\/en\/infos\/location\/","og_locale":"en_US","og_type":"article","og_title":"Location - Motel Br\u00fcggli","og_description":"The Motel Br\u00fcggli is located on the main route between Hochdorf and Lucerne. Around the corner is the Waldibr\u00fccke station, where you can get on the S-Bahn (suburban railway) and travel to Lucerne in just a few minutes. The motel is in a rural setting, with a woodland nearby where you can go for a walk or just spend some time and relax. From the motel, you can enjoy a breathtaking panorama of the local mountains, Rigi and Pilatus. You can find timetable information for the S-Bahn here or at reception.","og_url":"https:\/\/www.motelbrueggli.ch\/en\/infos\/location\/","og_site_name":"Motel Br\u00fcggli","article_modified_time":"2015-10-20T07:33:04+00:00","og_image":[{"url":"https:\/\/www.motelbrueggli.ch\/wp-content\/uploads\/2015\/08\/motelBruegglIPanorama.jpg","type":"","width":"","height":""}],"twitter_card":"summary_large_image","schema":{"@context":"https:\/\/schema.org","@graph":[{"@type":"WebPage","@id":"https:\/\/www.motelbrueggli.ch\/en\/infos\/location\/","url":"https:\/\/www.motelbrueggli.ch\/en\/infos\/location\/","name":"Location - Motel Br\u00fcggli","isPartOf":{"@id":"https:\/\/www.motelbrueggli.ch\/#website"},"primaryImageOfPage":{"@id":"https:\/\/www.motelbrueggli.ch\/en\/infos\/location\/#primaryimage"},"image":{"@id":"https:\/\/www.motelbrueggli.ch\/en\/infos\/location\/#primaryimage"},"thumbnailUrl":"https:\/\/www.motelbrueggli.ch\/wp-content\/uploads\/2015\/08\/motelBruegglIPanorama.jpg","datePublished":"2015-08-11T12:45:39+00:00","dateModified":"2015-10-20T07:33:04+00:00","breadcrumb":{"@id":"https:\/\/www.motelbrueggli.ch\/en\/infos\/location\/#breadcrumb"},"inLanguage":"en-US","potentialAction":[{"@type":"ReadAction","target":["https:\/\/www.motelbrueggli.ch\/en\/infos\/location\/"]}]},{"@type":"ImageObject","inLanguage":"en-US","@id":"https:\/\/www.motelbrueggli.ch\/en\/infos\/location\/#primaryimage","url":"https:\/\/www.motelbrueggli.ch\/wp-content\/uploads\/2015\/08\/motelBruegglIPanorama.jpg","contentUrl":"https:\/\/www.motelbrueggli.ch\/wp-content\/uploads\/2015\/08\/motelBruegglIPanorama.jpg"},{"@type":"BreadcrumbList","@id":"https:\/\/www.motelbrueggli.ch\/en\/infos\/location\/#breadcrumb","itemListElement":[{"@type":"ListItem","position":1,"name":"Startseite","item":"https:\/\/www.motelbrueggli.ch\/en\/"},{"@type":"ListItem","position":2,"name":"Infos","item":"https:\/\/www.motelbrueggli.ch\/en\/infos\/"},{"@type":"ListItem","position":3,"name":"Location"}]},{"@type":"WebSite","@id":"https:\/\/www.motelbrueggli.ch\/#website","url":"https:\/\/www.motelbrueggli.ch\/","name":"Motel & Aparthotel Br\u00fcggli","description":"","potentialAction":[{"@type":"SearchAction","target":{"@type":"EntryPoint","urlTemplate":"https:\/\/www.motelbrueggli.ch\/?s={search_term_string}"},"query-input":{"@type":"PropertyValueSpecification","valueRequired":true,"valueName":"search_term_string"}}],"inLanguage":"en-US"}]}},"_links":{"self":[{"href":"https:\/\/www.motelbrueggli.ch\/en\/wp-json\/wp\/v2\/pages\/81\/"}],"collection":[{"href":"https:\/\/www.motelbrueggli.ch\/en\/wp-json\/wp\/v2\/pages\/"}],"about":[{"href":"https:\/\/www.motelbrueggli.ch\/en\/wp-json\/wp\/v2\/types\/page\/"}],"author":[{"embeddable":true,"href":"https:\/\/www.motelbrueggli.ch\/en\/wp-json\/wp\/v2\/users\/4\/"}],"replies":[{"embeddable":true,"href":"https:\/\/www.motelbrueggli.ch\/en\/wp-json\/wp\/v2\/comments\/?post=81"}],"version-history":[{"count":4,"href":"https:\/\/www.motelbrueggli.ch\/en\/wp-json\/wp\/v2\/pages\/81\/revisions\/"}],"predecessor-version":[{"id":474,"href":"https:\/\/www.motelbrueggli.ch\/en\/wp-json\/wp\/v2\/pages\/81\/revisions\/474\/"}],"up":[{"embeddable":true,"href":"https:\/\/www.motelbrueggli.ch\/en\/wp-json\/wp\/v2\/pages\/75\/"}],"wp:attachment":[{"href":"https:\/\/www.motelbrueggli.ch\/en\/wp-json\/wp\/v2\/media\/?parent=81"}],"curies":[{"name":"wp","href":"https:\/\/api.w.org\/{rel}","templated":true}]}}