{"id":186,"date":"2015-08-13T14:57:37","date_gmt":"2015-08-13T14:57:37","guid":{"rendered":"http:\/\/neu.motelbrueggli.ch\/wordpress\/?page_id=186&#038;lang=en"},"modified":"2016-09-07T07:42:36","modified_gmt":"2016-09-07T07:42:36","slug":"sightseeing","status":"publish","type":"page","link":"https:\/\/www.motelbrueggli.ch\/en\/infos\/sightseeing\/","title":{"rendered":"Sightseeing"},"content":{"rendered":"<style type=\"text\/css\">#post-grid-184 .element_0{display: block;font-size: 21px;line-height: normal;padding: 5px 10px;text-align: left;}#post-grid-184 .element_1{display: block;font-size: 12px;padding: 5px 10px;text-align: left;}#post-grid-184 .element_0:hover{}#post-grid-184 .element_1:hover{}#post-grid-184 .item{\n\t\t\tbackground:#fff;\n\t\n\t\t\t}<\/style><style type=\"text\/css\">\/*Write your CSS code here*\/<\/style><style type=\"text\/css\">#post-grid-184 .pagination .page-numbers, #post-grid-184 .pagination .pager{\n\t\t\n\t\tfont-size:17px;\t\t\n\t\tcolor:#fff;\t\t\n\t\tbackground:#646464;\n\t\t\n\t\t\n\t\t}#post-grid-184 .pagination .page-numbers:hover, #post-grid-184 .pagination .page-numbers.current, #post-grid-184 .pagination .pager.active{\n\t\tbackground:#4b4b4b;\n\t\t}#post-grid-184 .nav-filter .filter{\n\t\t\n\t\tfont-size:17px;\t\t\n\t\tcolor:#fff;\t\t\n\t\tbackground:#646464;\n\n\t\t}#post-grid-184 .nav-filter .filter:hover, #post-grid-184 .nav-filter .filter.active{\n\t\tbackground:#4b4b4b;\n\t\t}#post-grid-184 .owl-dots .owl-dot {\n\t\t\tbackground: #e6e6e6 none repeat scroll 0 0;\n\t\t\t\t \n\t\t\t}#post-grid-184 {\n\t\t\tpadding:10px;\n\t\t\tbackground: #fff url() repeat scroll 0 0;\n\t\t}#post-grid-184 .item .layer-media{height:auto;overflow: hidden;\n\t\t}#post-grid-184 .item{\n\t\tmargin:10px;}@media only screen and (min-width: 1024px ) {#post-grid-184 .item{height:auto;}}@media only screen and ( min-width: 768px ) and ( max-width: 1023px ) {#post-grid-184 .item{height:220px;}}@media only screen and ( min-width: 0px ) and ( max-width: 767px ){#post-grid-184 .item{height:220px;}}\n\t@media only screen and (min-width: 1024px ) {\n\t#post-grid-184 .item{width:280px}\n\t\n\t}\n\t\n\t@media only screen and ( min-width: 768px ) and ( max-width: 1023px ) {\n\t#post-grid-184 .item{width:280px}\n\t}\n\t\n\t@media only screen and ( min-width: 320px ) and ( max-width: 767px ) {\n\t#post-grid-184 .item{width:90%}\n\t}<\/style><div id=\"post-grid-184\" class=\"post-grid grid\"><div class=\"grid-nav-top\"><\/div><div class=\"grid-items \" id=\"\"><div  class=\"item mix skin even flat activities-en events-en news-en sightseeing-en optional-en \"><div class=\"layer-media\"><a href=\"https:\/\/www.motelbrueggli.ch\/en\/new-website-online\/\"><img decoding=\"async\" alt=\"\" src=\"https:\/\/www.motelbrueggli.ch\/wp-content\/uploads\/2015\/08\/Andrea-Steiner-1-291x300.jpg\" \/><\/a><\/div><div class=\"layer-content\"><div class=\"element element_0 title\"  >Massage practice in Motel Br\u00fcggli 3 on the 1st floor<\/div><div class=\"element element_1 excerpt\"  >Dear guests, We are pleased to extend our offer for you. Escape for a moment from everyday life and enjoy a classic or a sports massage, which relaxes body, mind and soul. Book an appointment now with Andrea Steiner at www.reloadandbalance.com Andrea is recognized by health insurance companies. Offer: Classic massage Sports massage Manual lymphatic drainage Trigger point massage Foot reflexology Cupping \/ Taping Prices: 30 minutes CHF 60.00 60 minutes CHF 120.00 &nbsp; Andrea will gladly accept appointment requests via her booking tool. If you can&#8217;t find a suitable appointment online, you can reach Andrea at 078 762 74 81 or\u00a0 info@reloadandbalance.com. Payments are always made in cash or via Twint, afterwards Andrea will send you a reclaim voucher for the health insurance by mail or email. Cancellations are possible a maximum of 24h before the appointment. For all other cancellations or unexcused absences, treatments will be charged at 100%. &nbsp;<\/div><\/div><\/div><div  class=\"item mix skin odd flat sightseeing-en \"><div class=\"layer-media\"><a href=\"https:\/\/www.motelbrueggli.ch\/en\/pilatus\/\"><img decoding=\"async\" alt=\"Motel Br\u00fcggli Pilatus\" src=\"https:\/\/www.motelbrueggli.ch\/wp-content\/uploads\/2015\/08\/Sehenswuerdigkeit_Motel_Brueggli_pilatus-300x200.jpg\" \/><\/a><\/div><div class=\"layer-content\"><div class=\"element element_0 title\"  >Pilatus<\/div><div class=\"element element_1 excerpt\"  >The view from Lucerne&#8217;s local mountain, Pilatus, is not to be missed. At 2128 m above sea level, you get an unrivalled panorama. Mount Pilatus offers many opportunities for walking and can be reached by various mountain railways. For instance, the steepest rack and pinion railway in the world, from Alpnachstadt, just a 23-minute drive from the Motel Br\u00fcggli.<\/div><\/div><\/div><div  class=\"item mix skin even flat sightseeing-en \"><div class=\"layer-media\"><a href=\"https:\/\/www.motelbrueggli.ch\/en\/lucerne-culture-and-convention-centre\/\"><img decoding=\"async\" alt=\"Motel Br\u00fcggli KKL\" src=\"https:\/\/www.motelbrueggli.ch\/wp-content\/uploads\/2015\/08\/Sehenswuerdigkeit_Motel_Brueggli_KKL-300x200.jpg\" \/><\/a><\/div><div class=\"layer-content\"><div class=\"element element_0 title\"  >KKL &#038; Art Museum<\/div><div class=\"element element_1 excerpt\"  >The Lucerne Culture and Convention Centre (KKL), next to the railway station, is not only the place for high-calibre &#8211; mainly classical &#8211; concerts, but is also an architectural masterpiece, created by Jean Nouvel. Besides various concert halls, the KKL also houses the popular Lucerne Art Museum (Kunstmuseum). We&#8217;re happy to give further information at reception.<\/div><\/div><\/div><div  class=\"item mix skin odd flat sightseeing-en \"><div class=\"layer-media\"><a href=\"https:\/\/www.motelbrueggli.ch\/en\/buergenstock\/\"><img decoding=\"async\" alt=\"Motel Br\u00fcggli B\u00fcrgenstock\" src=\"https:\/\/www.motelbrueggli.ch\/wp-content\/uploads\/2015\/08\/Sehenswuerdigkeit_Motel_Brueggli_Buergenstock-300x200.jpg\" \/><\/a><\/div><div class=\"layer-content\"><div class=\"element element_0 title\"  >B\u00fcrgenstock<\/div><div class=\"element element_1 excerpt\"  >The B\u00fcrgenstock &#8211; only suitable for people with a good head for heights &#8211; offers a breathtaking view of Lake Lucerne and Central Switzerland. One way to get to the summit, 1132 m above sea level, is the Hammetschwend lift, the highest exterior lift in Europe. Built over 110 years ago, it now ascends 152 m in less than one minute.<\/div><\/div><\/div><div  class=\"item mix skin even flat sightseeing-en \"><div class=\"layer-media\"><a href=\"https:\/\/www.motelbrueggli.ch\/en\/glacier-garden\/\"><img decoding=\"async\" alt=\"Motel Br\u00fcggli Gletschergarten\" src=\"https:\/\/www.motelbrueggli.ch\/wp-content\/uploads\/2015\/08\/aktivitaeten_motel_brueggli_gletschergarten-300x200.jpg\" \/><\/a><\/div><div class=\"layer-content\"><div class=\"element element_0 title\"  >Glacier Garden<\/div><div class=\"element element_1 excerpt\"  >The Glacier Garden (Gletschergarten) in Lucerne is a national natural monument and is located next to the Lion Monument. The history goes back 20 million years to the so-called &#8220;Hot Age&#8221;. The Glacier Garden contains more than just the monument: it also offers a maze and a museum. Ask for information at our reception.<\/div><\/div><\/div><div  class=\"item mix skin odd flat sightseeing-en \"><div class=\"layer-media\"><a href=\"https:\/\/www.motelbrueggli.ch\/en\/lion-monument\/\"><img decoding=\"async\" alt=\"Sehensw\u00fcrdigkeit Luzern L\u00f6wendenkmal Motel Br\u00fcggli\" src=\"https:\/\/www.motelbrueggli.ch\/wp-content\/uploads\/2015\/08\/Sehenswuerdigkeit_Motel_Brueggli_Loewendenkmal-300x200.jpg\" \/><\/a><\/div><div class=\"layer-content\"><div class=\"element element_0 title\"  >Lion Monument<\/div><div class=\"element element_1 excerpt\"  >The Lion Monument (L\u00f6wendenkmal) in the centre of Lucerne commemorates the Swiss Guards who fell during the storming of the Tuileries Palace in Paris on 10 August 1792. It is one of the best known monuments in Switzerland, and is visited by 1.4 million tourists every year. The stone sculpture, a protected monument, is 15 minutes from the Motel Br\u00fcggli by car and 20 minutes by public transport.<\/div><\/div><\/div><div  class=\"item mix skin even flat sightseeing-en \"><div class=\"layer-media\"><a href=\"https:\/\/www.motelbrueggli.ch\/en\/rigi\/\"><img decoding=\"async\" alt=\"Sehensw\u00fcrdigkeit Motel Br\u00fcggli Rigi\" src=\"https:\/\/www.motelbrueggli.ch\/wp-content\/uploads\/2015\/08\/Sehenswuerdigkeit_Motel_Brueggli_Rigi-300x200.jpg\" \/><\/a><\/div><div class=\"layer-content\"><div class=\"element element_0 title\"  >Rigi<\/div><div class=\"element element_1 excerpt\"  >It&#8217;s not for nothing that Mount Rigi is known as the Queen of the Mountains. The massif, 1800 m above sea level, is located between Lake Lucerne, Lake Zug and Lake Lauerz, and is a popular destination for tourists. You can either walk to the summit on beautiful tracks or take various mountain railways and cable cars. The starting points are Arth-Goldau (25 minutes from the Motel Br\u00fcggli by car), Vitznau (35 minutes&#8217; drive from the Motel Br\u00fcggli) or Weggis (30 minutes&#8217; drive).<\/div><\/div><\/div><div  class=\"item mix skin odd flat sightseeing-en \"><div class=\"layer-media\"><a href=\"https:\/\/www.motelbrueggli.ch\/en\/kappelbruecke\/\"><img decoding=\"async\" alt=\"Sehensw\u00fcrdigkeiten Kappelbr\u00fccke Luzern Motel Br\u00fcggli\" src=\"https:\/\/www.motelbrueggli.ch\/wp-content\/uploads\/2015\/08\/Sehenswuerdigkeit_Motel_Brueggli_Kappelbruecke-300x200.jpg\" \/><\/a><\/div><div class=\"layer-content\"><div class=\"element element_0 title\"  >Kappelbr\u00fccke<\/div><div class=\"element element_1 excerpt\"  >The world-famous Kappelbr\u00fccke (Chapel Bridge) is one of the symbols of Lucerne. It&#8217;s the oldest wooden bridge in Europe, and at 202 metres, the second longest. It was built as a bridge over the Reuss River in 1365. The bridge&#8217;s pediments contain 111 triangular paintings depicting important scenes from Swiss history. The Kappelbr\u00fccke is just 15 minutes from the Motel Br\u00fcggli by car or 22 minutes by public transport.<\/div><\/div><\/div><div  class=\"item mix skin even flat sightseeing-en \"><div class=\"layer-media\"><a href=\"https:\/\/www.motelbrueggli.ch\/en\/lake-lucerne\/\"><img decoding=\"async\" alt=\"Sehensw\u00fcrdigkeit Motel Br\u00fcggli VIerwaldst\u00e4ttersee\" src=\"https:\/\/www.motelbrueggli.ch\/wp-content\/uploads\/2015\/08\/Sehenswuerdigkeit_Motel_Brueggli_Vierwaldstaettersee-300x200.jpg\" \/><\/a><\/div><div class=\"layer-content\"><div class=\"element element_0 title\"  >Lake Lucerne<\/div><div class=\"element element_1 excerpt\"  >Lake Lucerne and the surrounding area is one of the most beautiful places in Switzerland. Enjoy a leisurely boat trip, admiring the impressive scenery around the lake. Or visit one of the many restaurants and caf\u00e9s around the lake, which covers an area of 113 square kilometres. Lake Lucerne and the town of Lucerne are just 15 minutes from the Motel Br\u00fcggli by car or 22 minutes by train.<\/div><\/div><\/div><\/div><div class=\"grid-nav-bottom\"><div class=\"pagination\"><div class=\"paginate\"><\/div ><\/div ><\/div><script>\n\t\tjQuery(document).ready(function($)\n\t\t{\n\t\t\t$(\"#post-grid-184 .layer-media .gallery\").owlCarousel({\n\t\t\t\t\n\t\t\t\titems : 1,\n\n\t\t\t\tnavText : [\"\",\"\"],\n\t\t\t\tautoplay: true,\n\t\t\t\tloop: true,\n\t\t\t\tautoHeight : true,\t\n\t\t\t\tnav : false,\t\n\t\t\t\tdots : false,\t\t\t\t\t\n\t\t\t\t\t\t\t\t\t\t\t\n\t\t\t\t\t\t\t\t\n\t\t\t\t});\n\t\t\n\t\t});<\/script><\/div>\n","protected":false},"excerpt":{"rendered":"","protected":false},"author":4,"featured_media":0,"parent":75,"menu_order":0,"comment_status":"closed","ping_status":"closed","template":"","meta":{"iawp_total_views":38,"footnotes":""},"class_list":["post-186","page","type-page","status-publish","hentry"],"yoast_head":"<!-- This site is optimized with the Yoast SEO plugin v25.2 - https:\/\/yoast.com\/wordpress\/plugins\/seo\/ -->\n<title>Sightseeing - Motel Br\u00fcggli<\/title>\n<meta name=\"robots\" content=\"index, follow, max-snippet:-1, max-image-preview:large, max-video-preview:-1\" \/>\n<link rel=\"canonical\" href=\"https:\/\/www.motelbrueggli.ch\/en\/infos\/sightseeing\/\" \/>\n<meta property=\"og:locale\" content=\"en_US\" \/>\n<meta property=\"og:type\" content=\"article\" \/>\n<meta property=\"og:title\" content=\"Sightseeing - Motel Br\u00fcggli\" \/>\n<meta property=\"og:url\" content=\"https:\/\/www.motelbrueggli.ch\/en\/infos\/sightseeing\/\" \/>\n<meta property=\"og:site_name\" content=\"Motel Br\u00fcggli\" \/>\n<meta property=\"article:modified_time\" content=\"2016-09-07T07:42:36+00:00\" \/>\n<meta name=\"twitter:card\" content=\"summary_large_image\" \/>\n<script type=\"application\/ld+json\" class=\"yoast-schema-graph\">{\"@context\":\"https:\/\/schema.org\",\"@graph\":[{\"@type\":\"WebPage\",\"@id\":\"https:\/\/www.motelbrueggli.ch\/en\/infos\/sightseeing\/\",\"url\":\"https:\/\/www.motelbrueggli.ch\/en\/infos\/sightseeing\/\",\"name\":\"Sightseeing - Motel Br\u00fcggli\",\"isPartOf\":{\"@id\":\"https:\/\/www.motelbrueggli.ch\/#website\"},\"datePublished\":\"2015-08-13T14:57:37+00:00\",\"dateModified\":\"2016-09-07T07:42:36+00:00\",\"breadcrumb\":{\"@id\":\"https:\/\/www.motelbrueggli.ch\/en\/infos\/sightseeing\/#breadcrumb\"},\"inLanguage\":\"en-US\",\"potentialAction\":[{\"@type\":\"ReadAction\",\"target\":[\"https:\/\/www.motelbrueggli.ch\/en\/infos\/sightseeing\/\"]}]},{\"@type\":\"BreadcrumbList\",\"@id\":\"https:\/\/www.motelbrueggli.ch\/en\/infos\/sightseeing\/#breadcrumb\",\"itemListElement\":[{\"@type\":\"ListItem\",\"position\":1,\"name\":\"Startseite\",\"item\":\"https:\/\/www.motelbrueggli.ch\/en\/\"},{\"@type\":\"ListItem\",\"position\":2,\"name\":\"Infos\",\"item\":\"https:\/\/www.motelbrueggli.ch\/en\/infos\/\"},{\"@type\":\"ListItem\",\"position\":3,\"name\":\"Sightseeing\"}]},{\"@type\":\"WebSite\",\"@id\":\"https:\/\/www.motelbrueggli.ch\/#website\",\"url\":\"https:\/\/www.motelbrueggli.ch\/\",\"name\":\"Motel & Aparthotel Br\u00fcggli\",\"description\":\"\",\"potentialAction\":[{\"@type\":\"SearchAction\",\"target\":{\"@type\":\"EntryPoint\",\"urlTemplate\":\"https:\/\/www.motelbrueggli.ch\/?s={search_term_string}\"},\"query-input\":{\"@type\":\"PropertyValueSpecification\",\"valueRequired\":true,\"valueName\":\"search_term_string\"}}],\"inLanguage\":\"en-US\"}]}<\/script>\n<!-- \/ Yoast SEO plugin. -->","yoast_head_json":{"title":"Sightseeing - Motel Br\u00fcggli","robots":{"index":"index","follow":"follow","max-snippet":"max-snippet:-1","max-image-preview":"max-image-preview:large","max-video-preview":"max-video-preview:-1"},"canonical":"https:\/\/www.motelbrueggli.ch\/en\/infos\/sightseeing\/","og_locale":"en_US","og_type":"article","og_title":"Sightseeing - Motel Br\u00fcggli","og_url":"https:\/\/www.motelbrueggli.ch\/en\/infos\/sightseeing\/","og_site_name":"Motel Br\u00fcggli","article_modified_time":"2016-09-07T07:42:36+00:00","twitter_card":"summary_large_image","schema":{"@context":"https:\/\/schema.org","@graph":[{"@type":"WebPage","@id":"https:\/\/www.motelbrueggli.ch\/en\/infos\/sightseeing\/","url":"https:\/\/www.motelbrueggli.ch\/en\/infos\/sightseeing\/","name":"Sightseeing - Motel Br\u00fcggli","isPartOf":{"@id":"https:\/\/www.motelbrueggli.ch\/#website"},"datePublished":"2015-08-13T14:57:37+00:00","dateModified":"2016-09-07T07:42:36+00:00","breadcrumb":{"@id":"https:\/\/www.motelbrueggli.ch\/en\/infos\/sightseeing\/#breadcrumb"},"inLanguage":"en-US","potentialAction":[{"@type":"ReadAction","target":["https:\/\/www.motelbrueggli.ch\/en\/infos\/sightseeing\/"]}]},{"@type":"BreadcrumbList","@id":"https:\/\/www.motelbrueggli.ch\/en\/infos\/sightseeing\/#breadcrumb","itemListElement":[{"@type":"ListItem","position":1,"name":"Startseite","item":"https:\/\/www.motelbrueggli.ch\/en\/"},{"@type":"ListItem","position":2,"name":"Infos","item":"https:\/\/www.motelbrueggli.ch\/en\/infos\/"},{"@type":"ListItem","position":3,"name":"Sightseeing"}]},{"@type":"WebSite","@id":"https:\/\/www.motelbrueggli.ch\/#website","url":"https:\/\/www.motelbrueggli.ch\/","name":"Motel & Aparthotel Br\u00fcggli","description":"","potentialAction":[{"@type":"SearchAction","target":{"@type":"EntryPoint","urlTemplate":"https:\/\/www.motelbrueggli.ch\/?s={search_term_string}"},"query-input":{"@type":"PropertyValueSpecification","valueRequired":true,"valueName":"search_term_string"}}],"inLanguage":"en-US"}]}},"_links":{"self":[{"href":"https:\/\/www.motelbrueggli.ch\/en\/wp-json\/wp\/v2\/pages\/186\/"}],"collection":[{"href":"https:\/\/www.motelbrueggli.ch\/en\/wp-json\/wp\/v2\/pages\/"}],"about":[{"href":"https:\/\/www.motelbrueggli.ch\/en\/wp-json\/wp\/v2\/types\/page\/"}],"author":[{"embeddable":true,"href":"https:\/\/www.motelbrueggli.ch\/en\/wp-json\/wp\/v2\/users\/4\/"}],"replies":[{"embeddable":true,"href":"https:\/\/www.motelbrueggli.ch\/en\/wp-json\/wp\/v2\/comments\/?post=186"}],"version-history":[{"count":2,"href":"https:\/\/www.motelbrueggli.ch\/en\/wp-json\/wp\/v2\/pages\/186\/revisions\/"}],"predecessor-version":[{"id":557,"href":"https:\/\/www.motelbrueggli.ch\/en\/wp-json\/wp\/v2\/pages\/186\/revisions\/557\/"}],"up":[{"embeddable":true,"href":"https:\/\/www.motelbrueggli.ch\/en\/wp-json\/wp\/v2\/pages\/75\/"}],"wp:attachment":[{"href":"https:\/\/www.motelbrueggli.ch\/en\/wp-json\/wp\/v2\/media\/?parent=186"}],"curies":[{"name":"wp","href":"https:\/\/api.w.org\/{rel}","templated":true}]}}